{"id":6,"date":"2012-02-02T18:14:12","date_gmt":"2012-02-02T18:14:12","guid":{"rendered":"http:\/\/www.uve.no\/wp\/?page_id=6"},"modified":"2014-01-22T18:34:58","modified_gmt":"2014-01-22T18:34:58","slug":"home","status":"publish","type":"page","link":"https:\/\/www.uve.no\/","title":{"rendered":"Home"},"content":{"rendered":"<div class=\"row fixed\">\n<div class=\"fixed row-04\">\n<div class=\"col205  service-overview\">\n<h5><a href=\"https:\/\/www.uve.no\/?page_id=102\">Etters\u00f8k<\/a><\/h5>\n<\/p>\n<ul>\n<li>UVE driver prim\u00e6rt med s\u00f8k og kartlegging av gjenstander under vann.<\/li>\n<li>Vi har god erfaring innen s\u00f8k b\u00e5de i hav og innsj\u00f8er, og kan s\u00f8ke etter alt fra sm\u00e5 gjenstander, personer , kabler, kloakk ledninger, biler , b\u00e5ter etc.<\/li>\n<\/ul>\n<\/div>\n<div class=\"col205  service-overview\">\n<h5><a href=\"https:\/\/www.uve.no\/?page_id=116\">Tekniske Konsulenter<\/a><\/h5>\n<\/p>\n<ul>\n<li>Teknisk avdeling jobber i hovedsak som konsulenter innen instrumentering samt sikkerhets relaterte oppgaver som ESD \/ PSD matrise oppbygging etc. Prosjektene er i hovedsak innen offshore industri og skips relatert n\u00e6ring. Avdelingen jobber ogs\u00e5 innen forskning og utvikling i prosesser for offshore,  og innenlands industri.<\/li>\n<\/ul>\n<\/div>\n<div class=\"col205  service-overview\">\n<h5><a href=\"https:\/\/www.uve.no\/?page_id=121\">Kartlegging av bunn<\/a><\/h5>\n<\/p>\n<ul>\n<li>Kartlegging av bunn \/ toppografi samt objekter i et omr\u00e5de.<\/li>\n<li>Vi presenterer presis og grafisk dukumentasjon.<\/li>\n<\/ul>\n<\/div>\n<div class=\"col205 last service-overview\">\n<h5><a href=\"https:\/\/www.uve.no\/?page_id=160\">Utstyr &#038; L\u00f8sninger<\/a><\/h5>\n<\/p>\n<p>UVE designer og videre utvikler utstyr for eget bruk  samt p\u00e5 oppdrag fra andre. Hoved hensikten er \u00e5 kunne effektivisere s\u00f8k, samt \u00e5 kunne dokumentere eksakt posisjon og dekningsomr\u00e5de av s\u00f8k.<\/p>\n<p>Alt utstyr m\u00e5 ogs\u00e5 tilpasses det vanskelige maritime milj\u00f8 det skal brukes under.<\/p><\/div>\n<\/div>\n<\/div>\n<div class=\"hr \"><\/div>\n<h5>Nyeste bilder <\/p>\n<\/h5>\n<div class=\"row fixed\">\n<div class=\"col655 \">\n<div class=\"fixed\">\n<div class=\"fixed\">\n<div class=\"col205  portfolio-item\">\n<div class=\"fixed portfolio-item-preview\"><a href=\"https:\/\/www.uve.no\/?project=sok-etter-personer\" title=\"les mer\"><img loading=\"lazy\" decoding=\"async\" src=\"https:\/\/www.uve.no\/wp\/wp-content\/uploads\/hentet2-205x125.jpg\" width=\"205\" height=\"125\" alt=\"\" \/><\/a><\/p>\n<div class=\"preview-options\">\n\t\t\t\t\t\t\t\t\t\t\t\t<a href=\"https:\/\/www.uve.no\/wp\/wp-content\/uploads\/hentet2.jpg\" class=\"lightbox\" title=\"View larger version\" rel=\"prettyPhoto[gal]\" >View large<\/a><br \/>\n\t\t\t\t\t\t\t\t\t\t\t\t<a href=\"https:\/\/www.uve.no\/?project=sok-etter-personer\" class=\"view\" title=\"Go to project page\" >Go to project page<\/a>\n\t\t\t\t\t\t\t\t\t\t\t<\/div>\n<\/div>\n<h4><a href=\"https:\/\/www.uve.no\/?project=sok-etter-personer\">S\u00f8k etter personer<\/a><\/h4>\n<p class=\"last\">\n<\/div>\n<div class=\"col205  portfolio-item\">\n<div class=\"fixed portfolio-item-preview\"><a href=\"https:\/\/www.uve.no\/?project=bil-vrak-kristiansand\" title=\"les mer\"><img loading=\"lazy\" decoding=\"async\" src=\"https:\/\/www.uve.no\/wp\/wp-content\/uploads\/s\u00f8gne-205x125.png\" width=\"205\" height=\"125\" alt=\"\" \/><\/a><\/p>\n<div class=\"preview-options\">\n\t\t\t\t\t\t\t\t\t\t\t\t<a href=\"https:\/\/www.uve.no\/wp\/wp-content\/uploads\/s\u00f8gne.png\" class=\"lightbox\" title=\"View larger version\" rel=\"prettyPhoto[gal]\" >View large<\/a><br \/>\n\t\t\t\t\t\t\t\t\t\t\t\t<a href=\"https:\/\/www.uve.no\/?project=bil-vrak-kristiansand\" class=\"view\" title=\"Go to project page\" >Go to project page<\/a>\n\t\t\t\t\t\t\t\t\t\t\t<\/div>\n<\/div>\n<h4><a href=\"https:\/\/www.uve.no\/?project=bil-vrak-kristiansand\">Bil vrak Kristiansand<\/a><\/h4>\n<p class=\"last\">Biler funnet i S\u00f8gne p\u00e5 oppdrag fra FNO \/ Politi<\/p>\n<\/div>\n<div class=\"col205 last portfolio-item\">\n<div class=\"fixed portfolio-item-preview\"><a href=\"https:\/\/www.uve.no\/?project=322\" title=\"les mer\"><img loading=\"lazy\" decoding=\"async\" src=\"https:\/\/www.uve.no\/wp\/wp-content\/uploads\/vrak-1-205x125.jpg\" width=\"205\" height=\"125\" alt=\"\" \/><\/a><\/p>\n<div class=\"preview-options\">\n\t\t\t\t\t\t\t\t\t\t\t\t<a href=\"https:\/\/www.uve.no\/wp\/wp-content\/uploads\/vrak-1.jpg\" class=\"lightbox\" title=\"View larger version\" rel=\"prettyPhoto[gal]\" >View large<\/a><br \/>\n\t\t\t\t\t\t\t\t\t\t\t\t<a href=\"https:\/\/www.uve.no\/?project=322\" class=\"view\" title=\"Go to project page\" >Go to project page<\/a>\n\t\t\t\t\t\t\t\t\t\t\t<\/div>\n<\/div>\n<h4><a href=\"https:\/\/www.uve.no\/?project=322\">Diverse b\u00e5t vrak<\/a><\/h4>\n<p class=\"last\">Vrak bilder fra Arendal Havn sommeren 2012<\/p>\n<\/div>\n<\/div>\n<\/div>\n<\/div>\n<div class=\"col205  last\">\n<p>Vi legger stadig ut bilder fra diverse funn og oppdrag.<\/p>\n<p class=\"last\"><a class=\"more-link\" title=\"Bilder\" href=\"http:\/\/www.uve.no\/wp\/?page_id=54\">se alle bilder<\/a><\/p>\n<\/div>\n<\/div>\n","protected":false},"excerpt":{"rendered":"<p>Nyeste bilder<\/p>\n","protected":false},"author":1,"featured_media":0,"parent":0,"menu_order":0,"comment_status":"open","ping_status":"open","template":"","meta":{"footnotes":""},"class_list":["post-6","page","type-page","status-publish","hentry"],"_links":{"self":[{"href":"https:\/\/www.uve.no\/index.php?rest_route=\/wp\/v2\/pages\/6","targetHints":{"allow":["GET"]}}],"collection":[{"href":"https:\/\/www.uve.no\/index.php?rest_route=\/wp\/v2\/pages"}],"about":[{"href":"https:\/\/www.uve.no\/index.php?rest_route=\/wp\/v2\/types\/page"}],"author":[{"embeddable":true,"href":"https:\/\/www.uve.no\/index.php?rest_route=\/wp\/v2\/users\/1"}],"replies":[{"embeddable":true,"href":"https:\/\/www.uve.no\/index.php?rest_route=%2Fwp%2Fv2%2Fcomments&post=6"}],"version-history":[{"count":16,"href":"https:\/\/www.uve.no\/index.php?rest_route=\/wp\/v2\/pages\/6\/revisions"}],"predecessor-version":[{"id":140,"href":"https:\/\/www.uve.no\/index.php?rest_route=\/wp\/v2\/pages\/6\/revisions\/140"}],"wp:attachment":[{"href":"https:\/\/www.uve.no\/index.php?rest_route=%2Fwp%2Fv2%2Fmedia&parent=6"}],"curies":[{"name":"wp","href":"https:\/\/api.w.org\/{rel}","templated":true}]}}