{"id":47,"date":"2012-04-27T11:34:04","date_gmt":"2012-04-27T11:34:04","guid":{"rendered":"http:\/\/www.uve.no\/wp\/?page_id=47"},"modified":"2013-12-02T19:42:05","modified_gmt":"2013-12-02T19:42:05","slug":"om-uve","status":"publish","type":"page","link":"https:\/\/www.uve.no\/?page_id=47","title":{"rendered":"Om UVE"},"content":{"rendered":"<div class=\"row fixed\">\n<div class=\"col430 \">\n<p>UVE AS er et firma med hovedfokus p\u00e5 oppdragsl\u00f8sning under vann. Typiske omr\u00e5der er etters\u00f8kning og dokumentasjon i forbindelse med savnet personell og utstyr, samt utvikling, bruk og forbedring av teknisk utstyr beregnet for undervanns bruk. V\u00e5r stab best\u00e5r av personell med lang teknisk erfaring innen b\u00e5de offshore, marine og landindustri, sammen med personell med erfaring fra forsvarets havari tjenester og politi\/etterforskning.<\/p>\n<\/div>\n<div class=\"col430  last\">\n<p><img loading=\"lazy\" decoding=\"async\" class=\"alignnone size-full wp-image-283\" title=\"buster01\" src=\"http:\/\/www.uve.no\/wp\/wp-content\/uploads\/buster01.jpg\" alt=\"\" width=\"430\" height=\"150\" srcset=\"https:\/\/www.uve.no\/wp\/wp-content\/uploads\/buster01.jpg 430w, https:\/\/www.uve.no\/wp\/wp-content\/uploads\/buster01-300x104.jpg 300w, https:\/\/www.uve.no\/wp\/wp-content\/uploads\/buster01-145x50.jpg 145w, https:\/\/www.uve.no\/wp\/wp-content\/uploads\/buster01-205x71.jpg 205w, https:\/\/www.uve.no\/wp\/wp-content\/uploads\/buster01-280x97.jpg 280w\" sizes=\"auto, (max-width: 430px) 100vw, 430px\" \/><\/p>\n<\/div>\n<p>&nbsp;<\/p>\n<div class=\"hr \"><\/div>\n<p><img loading=\"lazy\" decoding=\"async\" class=\"alignnone size-full wp-image-213\" title=\"slider2b\" src=\"http:\/\/www.uve.no\/wp\/wp-content\/uploads\/slider2b.jpg\" alt=\"\" width=\"880\" height=\"335\" srcset=\"https:\/\/www.uve.no\/wp\/wp-content\/uploads\/slider2b.jpg 880w, https:\/\/www.uve.no\/wp\/wp-content\/uploads\/slider2b-300x114.jpg 300w, https:\/\/www.uve.no\/wp\/wp-content\/uploads\/slider2b-145x55.jpg 145w, https:\/\/www.uve.no\/wp\/wp-content\/uploads\/slider2b-205x78.jpg 205w, https:\/\/www.uve.no\/wp\/wp-content\/uploads\/slider2b-280x106.jpg 280w, https:\/\/www.uve.no\/wp\/wp-content\/uploads\/slider2b-430x163.jpg 430w, https:\/\/www.uve.no\/wp\/wp-content\/uploads\/slider2b-655x249.jpg 655w\" sizes=\"auto, (max-width: 880px) 100vw, 880px\" \/><\/p>\n<\/div>\n<p>&nbsp;<\/p>\n","protected":false},"excerpt":{"rendered":"<p>&nbsp;<\/p>\n","protected":false},"author":1,"featured_media":0,"parent":0,"menu_order":0,"comment_status":"open","ping_status":"open","template":"","meta":{"footnotes":""},"class_list":["post-47","page","type-page","status-publish","hentry"],"_links":{"self":[{"href":"https:\/\/www.uve.no\/index.php?rest_route=\/wp\/v2\/pages\/47","targetHints":{"allow":["GET"]}}],"collection":[{"href":"https:\/\/www.uve.no\/index.php?rest_route=\/wp\/v2\/pages"}],"about":[{"href":"https:\/\/www.uve.no\/index.php?rest_route=\/wp\/v2\/types\/page"}],"author":[{"embeddable":true,"href":"https:\/\/www.uve.no\/index.php?rest_route=\/wp\/v2\/users\/1"}],"replies":[{"embeddable":true,"href":"https:\/\/www.uve.no\/index.php?rest_route=%2Fwp%2Fv2%2Fcomments&post=47"}],"version-history":[{"count":34,"href":"https:\/\/www.uve.no\/index.php?rest_route=\/wp\/v2\/pages\/47\/revisions"}],"predecessor-version":[{"id":287,"href":"https:\/\/www.uve.no\/index.php?rest_route=\/wp\/v2\/pages\/47\/revisions\/287"}],"wp:attachment":[{"href":"https:\/\/www.uve.no\/index.php?rest_route=%2Fwp%2Fv2%2Fmedia&parent=47"}],"curies":[{"name":"wp","href":"https:\/\/api.w.org\/{rel}","templated":true}]}}