{"id":30,"date":"2012-04-27T11:11:50","date_gmt":"2012-04-27T11:11:50","guid":{"rendered":"http:\/\/www.uve.no\/wp\/?page_id=30"},"modified":"2025-04-02T07:38:05","modified_gmt":"2025-04-02T07:38:05","slug":"kontakt-oss","status":"publish","type":"page","link":"https:\/\/www.uve.no\/?page_id=30","title":{"rendered":"Kontakt Oss"},"content":{"rendered":"<div class=\"row fixed\">\n<div class=\"col205 \">\n<p>Vi svarer gjerne p\u00e5 sp\u00f8rsm\u00e5l eller \u00f8nske om mer informasjon. Ta kontakt p\u00e5 mob +47 97708868 eller send tekst melding<\/p>\n<\/div>\n<div class=\"col655  last\">\n<form action=\"javascript:void(0);\" class=\"fixed\" id=\"contact-form\">\n<fieldset>\n<p id=\"formstatus\">\n<div>\n\t\t\t\t\t\t<label for=\"name\">Your name: <span class=\"required\">*<\/span><\/label><input type=\"text\" value=\"\" name=\"name\" id=\"name\" class=\"text\"\/>\n\t\t\t\t\t<\/div>\n<div>\n\t\t\t\t\t\t<label for=\"email\">Your Email Adress: <span class=\"required\">*<\/span><\/label><br \/><input type=\"text\" value=\"\" name=\"email\" id=\"email\" class=\"text\">\n\t\t\t\t\t<\/div>\n<div>\n\t\t\t\t\t\t<label for=\"subject\">Subject: <span class=\"required\">*<\/span><\/label><br \/><input type=\"text\" value=\"\" name=\"subject\" id=\"subject\" class=\"text\">\n\t\t\t\t\t<\/div>\n<div>\n\t\t\t\t\t\t<label for=\"message\">Message: <\/label><br \/><textarea cols=\"25\" rows=\"3\" name=\"message\" id=\"message\"><\/textarea>\n\t\t\t\t\t<\/div>\n<div>\n\t\t\t\t\t\t<input type=\"submit\" value=\"Send!\" name=\"submit\">\n\t\t\t\t\t<\/div>\n<\/fieldset>\n<\/form>\n<\/div>\n<\/div>\n","protected":false},"excerpt":{"rendered":"","protected":false},"author":1,"featured_media":0,"parent":0,"menu_order":0,"comment_status":"open","ping_status":"open","template":"","meta":{"footnotes":""},"class_list":["post-30","page","type-page","status-publish","hentry"],"_links":{"self":[{"href":"https:\/\/www.uve.no\/index.php?rest_route=\/wp\/v2\/pages\/30","targetHints":{"allow":["GET"]}}],"collection":[{"href":"https:\/\/www.uve.no\/index.php?rest_route=\/wp\/v2\/pages"}],"about":[{"href":"https:\/\/www.uve.no\/index.php?rest_route=\/wp\/v2\/types\/page"}],"author":[{"embeddable":true,"href":"https:\/\/www.uve.no\/index.php?rest_route=\/wp\/v2\/users\/1"}],"replies":[{"embeddable":true,"href":"https:\/\/www.uve.no\/index.php?rest_route=%2Fwp%2Fv2%2Fcomments&post=30"}],"version-history":[{"count":20,"href":"https:\/\/www.uve.no\/index.php?rest_route=\/wp\/v2\/pages\/30\/revisions"}],"predecessor-version":[{"id":377,"href":"https:\/\/www.uve.no\/index.php?rest_route=\/wp\/v2\/pages\/30\/revisions\/377"}],"wp:attachment":[{"href":"https:\/\/www.uve.no\/index.php?rest_route=%2Fwp%2Fv2%2Fmedia&parent=30"}],"curies":[{"name":"wp","href":"https:\/\/api.w.org\/{rel}","templated":true}]}}