{"id":102,"date":"2012-04-28T06:48:15","date_gmt":"2012-04-28T06:48:15","guid":{"rendered":"http:\/\/www.uve.no\/wp\/?page_id=102"},"modified":"2017-01-18T17:50:35","modified_gmt":"2017-01-18T17:50:35","slug":"ettersok","status":"publish","type":"page","link":"https:\/\/www.uve.no\/?page_id=102","title":{"rendered":"Etters\u00f8k"},"content":{"rendered":"<div class=\"row fixed\">\n<div class=\"col205 \">\n<p>UVE driver prim\u00e6rt med s\u00f8k og kartlegging av gjenstander under vann. <br \/>\nVi har god erfaring innen s\u00f8k b\u00e5de i hav og innsj\u00f8er, og kan s\u00f8ke etter alt fra sm\u00e5 gjenstander, personer , kabler, kloakk ledninger, biler , b\u00e5ter etc.<\/p>\n<\/div>\n<div class=\"col430  last\">\n<p><img loading=\"lazy\" decoding=\"async\" class=\"alignnone size-full wp-image-251\" title=\"ettersok_page0\" src=\"http:\/\/www.uve.no\/wp\/wp-content\/uploads\/ettersok_page0.jpg\" alt=\"\" width=\"430\" height=\"200\" srcset=\"https:\/\/www.uve.no\/wp\/wp-content\/uploads\/ettersok_page0.jpg 430w, https:\/\/www.uve.no\/wp\/wp-content\/uploads\/ettersok_page0-300x139.jpg 300w, https:\/\/www.uve.no\/wp\/wp-content\/uploads\/ettersok_page0-145x67.jpg 145w, https:\/\/www.uve.no\/wp\/wp-content\/uploads\/ettersok_page0-205x95.jpg 205w, https:\/\/www.uve.no\/wp\/wp-content\/uploads\/ettersok_page0-280x130.jpg 280w\" sizes=\"auto, (max-width: 430px) 100vw, 430px\" \/><\/p>\n<\/div>\n<\/div>\n<div class=\"hr \"><\/div>\n<div class=\"row fixed\">\n<div class=\"col205 \">\n<p>For s\u00f8k \/ \u00a0kartlegging av el-kabler, kloakk ledninger etc samt grov s\u00f8k etter gjenstander, brukes en spesial bygget kombinert &#8220;h\u00f8y og lav frekvens omr\u00e5de&#8221; slepe sonar. Lav frekvens brukes til typisk 2 x 50-150m deknings omr\u00e5de, mens h\u00f8y frekvens brukes til detalj s\u00f8k innen for 2 x 10-50m deknings omr\u00e5de.<\/p>\n<\/div>\n<div class=\"col430  last\">\n<p><img loading=\"lazy\" decoding=\"async\" class=\"alignnone size-full wp-image-247\" title=\"ettersok_page\" src=\"http:\/\/www.uve.no\/wp\/wp-content\/uploads\/ettersok_page.jpg\" alt=\"\" width=\"430\" height=\"200\" srcset=\"https:\/\/www.uve.no\/wp\/wp-content\/uploads\/ettersok_page.jpg 430w, https:\/\/www.uve.no\/wp\/wp-content\/uploads\/ettersok_page-300x139.jpg 300w, https:\/\/www.uve.no\/wp\/wp-content\/uploads\/ettersok_page-145x67.jpg 145w, https:\/\/www.uve.no\/wp\/wp-content\/uploads\/ettersok_page-205x95.jpg 205w, https:\/\/www.uve.no\/wp\/wp-content\/uploads\/ettersok_page-280x130.jpg 280w\" sizes=\"auto, (max-width: 430px) 100vw, 430px\" \/><\/p>\n<\/div>\n<p>Alle bilde \/ film \u00a0data og \u00a0posisjoner lagres p\u00e5 PC, slik at en i ettertid kan &#8220;spille&#8221; alle data p\u00e5 nytt for derved \u00e5 kunne se alle detalj bilder p\u00e5 storskjerm for bedre \u00e5 se eventuelle funn.<\/p>\n<p>For s\u00f8k i omr\u00e5der hvor man ikke kan bevege seg p\u00e5 overflate , brukes en Spesial sonar som &#8220;sviper&#8221; over et omr\u00e5de \u00a0&#8220;h\u00f8y frekvens&#8221; og med data program som viser bilder tilsynelatende tilsvarende vanlig film kamera, men basert p\u00e5 lyd resonans. Rekkevidde er opp til 50 m, men vanlig bruks omr\u00e5de 0-30m.<\/p>\n<p>Samme sonar brukes for \u00e5 rettlede dykker under vann i d\u00e5rlig sikt samt ned plassering av mark\u00f8rer p\u00e5 eventuelle funn.<\/p>\n<\/div>\n<div class=\"hr \"><\/div>\n","protected":false},"excerpt":{"rendered":"","protected":false},"author":1,"featured_media":113,"parent":51,"menu_order":1,"comment_status":"open","ping_status":"open","template":"page-service-single.php","meta":{"footnotes":""},"class_list":["post-102","page","type-page","status-publish","has-post-thumbnail","hentry"],"_links":{"self":[{"href":"https:\/\/www.uve.no\/index.php?rest_route=\/wp\/v2\/pages\/102","targetHints":{"allow":["GET"]}}],"collection":[{"href":"https:\/\/www.uve.no\/index.php?rest_route=\/wp\/v2\/pages"}],"about":[{"href":"https:\/\/www.uve.no\/index.php?rest_route=\/wp\/v2\/types\/page"}],"author":[{"embeddable":true,"href":"https:\/\/www.uve.no\/index.php?rest_route=\/wp\/v2\/users\/1"}],"replies":[{"embeddable":true,"href":"https:\/\/www.uve.no\/index.php?rest_route=%2Fwp%2Fv2%2Fcomments&post=102"}],"version-history":[{"count":46,"href":"https:\/\/www.uve.no\/index.php?rest_route=\/wp\/v2\/pages\/102\/revisions"}],"predecessor-version":[{"id":354,"href":"https:\/\/www.uve.no\/index.php?rest_route=\/wp\/v2\/pages\/102\/revisions\/354"}],"up":[{"embeddable":true,"href":"https:\/\/www.uve.no\/index.php?rest_route=\/wp\/v2\/pages\/51"}],"wp:featuredmedia":[{"embeddable":true,"href":"https:\/\/www.uve.no\/index.php?rest_route=\/wp\/v2\/media\/113"}],"wp:attachment":[{"href":"https:\/\/www.uve.no\/index.php?rest_route=%2Fwp%2Fv2%2Fmedia&parent=102"}],"curies":[{"name":"wp","href":"https:\/\/api.w.org\/{rel}","templated":true}]}}